{"id":92,"date":"2024-02-15T17:25:53","date_gmt":"2024-02-15T17:25:53","guid":{"rendered":"https:\/\/stoic-proskuriakova.190-15-141-170.plesk.page\/?page_id=92"},"modified":"2024-02-15T17:29:47","modified_gmt":"2024-02-15T17:29:47","slug":"formato-de-trabajos","status":"publish","type":"page","link":"https:\/\/ticec2016.cedia.edu.ec\/index.php\/formato-de-trabajos\/","title":{"rendered":"FORMATO DE TRABAJOS"},"content":{"rendered":"\t\t<div data-elementor-type=\"wp-page\" data-elementor-id=\"92\" class=\"elementor elementor-92\">\n\t\t\t\t<div class=\"elementor-element elementor-element-4536dea e-flex e-con-boxed e-con e-parent\" data-id=\"4536dea\" data-element_type=\"container\" data-e-type=\"container\">\n\t\t\t\t\t<div class=\"e-con-inner\">\n\t\t<div class=\"elementor-element elementor-element-3e788b1 e-flex e-con-boxed e-con e-child\" data-id=\"3e788b1\" data-element_type=\"container\" data-e-type=\"container\">\n\t\t\t\t\t<div class=\"e-con-inner\">\n\t\t\t\t<div class=\"elementor-element elementor-element-fe33a5c elementor-widget elementor-widget-heading\" data-id=\"fe33a5c\" data-element_type=\"widget\" data-e-type=\"widget\" data-widget_type=\"heading.default\">\n\t\t\t\t<div class=\"elementor-widget-container\">\n\t\t\t\t\t<h2 class=\"elementor-heading-title elementor-size-default\">FORMATO PARA LA PRESENTACI\u00d3N DE TRABAJOS<\/h2>\t\t\t\t<\/div>\n\t\t\t\t<\/div>\n\t\t\t\t<div class=\"elementor-element elementor-element-3921fa4 elementor-widget elementor-widget-text-editor\" data-id=\"3921fa4\" data-element_type=\"widget\" data-e-type=\"widget\" data-widget_type=\"text-editor.default\">\n\t\t\t\t<div class=\"elementor-widget-container\">\n\t\t\t\t\t\t\t\t\t<p style=\"margin-top: 0px; margin-bottom: 1rem;\"><span style=\"font-weight: bolder;\">Agradecemos a todos los investigadores, profesionales quienes aportaron con sus trabajos(papers). Los ganadores ser\u00e1n notificados el d\u00eda 18 de Julio.<\/span><\/p><p>TIC.EC (2016), por cuarta vez consecutiva, busca ser un espacio para que investigadores y administradores de TICs en las Organizaciones compartan y discutan los \u00faltimos avances en sus campos de inter\u00e9s, as\u00ed como establecer iniciativas de colaboraci\u00f3n buscando sinergias, y conocer las lecciones aprendidas en las distintas instancias, son actividades que contribuyen fuertemente a la toma de decisiones sobre el qu\u00e9 y el c\u00f3mo abordar los cambios.<br \/><span style=\"font-weight: bolder;\"><br \/>PRESENTA TU TUTORIAL<\/span><\/p><p><span style=\"text-align: left;\">Para la presentaci\u00f3n de tutoriales, revisar el siguiente documento:<\/span><br style=\"text-align: left;\" \/><br style=\"text-align: left;\" \/><\/p><ul style=\"margin-top: 0px; margin-bottom: 1rem; font-size: 16px; text-align: left; background-color: #ffffff;\"><li style=\"text-align: justify;\">Formato para tutoriales\u00a0<a style=\"transition: color 400ms ease 0s, background-color 400ms ease 0s;\" href=\"https:\/\/ticec2016.cedia.edu.ec\/dmdocuments\/2016\/Formato%20Tutorial.docx\" target=\"_blank\" rel=\"noopener noreferrer\">descargar<\/a><\/li><\/ul><p><span style=\"text-align: left;\">El trabajo debe ser enviado a:\u00a0<\/span><a style=\"background-color: #ffffff; transition: color 400ms ease 0s, background-color 400ms ease 0s; text-align: left;\" href=\"mailto:ticec2016@cedia.org.ec\">ticec2016@cedia.org.ec<\/a><\/p><p><span style=\"text-align: left;\">La fecha m\u00e1xima para env\u00edos de trabajos es: 01 de agosto de 2016.<\/span><br style=\"text-align: left;\" \/><br style=\"text-align: left;\" \/><span style=\"text-align: left;\">Para la presentaci\u00f3n de\u00a0<\/span><span style=\"font-weight: bolder; text-align: left;\">papers<\/span><span style=\"text-align: left;\">, revisar los documentos listados a continuaci\u00f3n:<\/span><br style=\"text-align: left;\" \/><br style=\"text-align: left;\" \/><\/p><ul style=\"margin-top: 0px; margin-bottom: 1rem; font-size: 16px; text-align: left; background-color: #ffffff;\"><li style=\"text-align: justify;\">Call for paper\u00a0<a style=\"transition: color 400ms ease 0s, background-color 400ms ease 0s;\" href=\"https:\/\/ticec2016.cedia.edu.ec\/dmdocuments\/2016\/TICEC2016-CFP.pdf\" target=\"_blank\" rel=\"noopener noreferrer\"><span style=\"text-decoration-line: line-through;\">ver y descargar<\/span><\/a><\/li><li style=\"text-align: justify;\">Directrices para la elaboraci\u00f3n de trabajos\u00a0<a style=\"transition: color 400ms ease 0s, background-color 400ms ease 0s;\" href=\"https:\/\/ticec2016.cedia.edu.ec\/dmdocuments\/2016\/Directrices%20para%20la%20elaboracion%20de%20articulos%20cientificos.pdf\" target=\"_blank\" rel=\"noopener noreferrer\"><span style=\"text-decoration-line: line-through;\">ver y descargar<\/span><\/a><\/li><li style=\"text-align: justify;\">Formato de trabajos\u00a0<a style=\"transition: color 400ms ease 0s, background-color 400ms ease 0s;\" href=\"https:\/\/ticec2016.cedia.edu.ec\/dmdocuments\/2016\/Formato%20para%20la%20presentacion%20de%20articulos_VO_JF.doc\" target=\"_blank\" rel=\"noopener noreferrer\"><span style=\"text-decoration-line: line-through;\">descargar<\/span><\/a><\/li><\/ul><p><span style=\"text-align: left;\">El trabajo debe ser subido en word a:\u00a0<\/span><span style=\"text-align: left; text-decoration-line: line-through;\"><a style=\"transition: color 400ms ease 0s, background-color 400ms ease 0s;\" href=\"https:\/\/easychair.org\/conferences\/?conf=ticec2016\">https:\/\/easychair.org\/conferences\/?conf=ticec2016<\/a><\/span><\/p><p><span style=\"text-align: left;\">La fecha m\u00e1xima para env\u00edos de trabajos es: 19 de junio de 2016.<\/span><br style=\"text-align: left;\" \/><br style=\"text-align: left;\" \/><span style=\"font-weight: bolder; text-align: left;\">Los papers aprobados ser\u00e1n publicados en la revista MASKANA (Universidad de Cuenca), indexada en Latindex.<\/span><br style=\"text-align: left;\" \/><br style=\"text-align: left;\" \/><span style=\"text-align: left;\">Para mayor informaci\u00f3n, escr\u00edbanos:\u00a0<\/span><a style=\"background-color: #ffffff; transition: color 400ms ease 0s, background-color 400ms ease 0s; text-align: left;\" href=\"mailto:info@cedia.org.ec\">info@cedia.org.ec<\/a><span style=\"text-align: left;\">,\u00a0<\/span><a style=\"background-color: #ffffff; transition: color 400ms ease 0s, background-color 400ms ease 0s; text-align: left;\" href=\"mailto:ticec2016@cedia.org.ec\">ticec2016@cedia.org.ec<\/a><\/p>\t\t\t\t\t\t\t\t<\/div>\n\t\t\t\t<\/div>\n\t\t\t\t\t<\/div>\n\t\t\t\t<\/div>\n\t\t\t\t\t<\/div>\n\t\t\t\t<\/div>\n\t\t<div class=\"elementor-element elementor-element-c3cc500 e-flex e-con-boxed e-con e-parent\" data-id=\"c3cc500\" data-element_type=\"container\" data-e-type=\"container\" data-settings=\"{&quot;background_background&quot;:&quot;classic&quot;}\">\n\t\t\t\t\t<div class=\"e-con-inner\">\n\t\t<div class=\"elementor-element elementor-element-f80569f e-flex e-con-boxed e-con e-child\" data-id=\"f80569f\" data-element_type=\"container\" data-e-type=\"container\">\n\t\t\t\t\t<div class=\"e-con-inner\">\n\t\t\t\t<div class=\"elementor-element elementor-element-e7005da elementor-widget elementor-widget-text-editor\" data-id=\"e7005da\" data-element_type=\"widget\" data-e-type=\"widget\" data-widget_type=\"text-editor.default\">\n\t\t\t\t<div class=\"elementor-widget-container\">\n\t\t\t\t\t\t\t\t\t<span style=\"color: #8e9aa7; font-family: 'Open Sans', sans-serif; font-size: 14px;\">\u00a9 TICEC 2016 &#8211; CEDIA<\/span>\t\t\t\t\t\t\t\t<\/div>\n\t\t\t\t<\/div>\n\t\t\t\t\t<\/div>\n\t\t\t\t<\/div>\n\t\t\t\t\t<\/div>\n\t\t\t\t<\/div>\n\t\t\t\t<\/div>\n\t\t","protected":false},"excerpt":{"rendered":"<p>FORMATO PARA LA PRESENTACI\u00d3N DE TRABAJOS Agradecemos a todos los investigadores, profesionales quienes aportaron con sus trabajos(papers). Los ganadores ser\u00e1n notificados el d\u00eda 18 de Julio. TIC.EC (2016), por cuarta vez consecutiva, busca ser un espacio para que investigadores y administradores de TICs en las Organizaciones compartan y discutan los \u00faltimos avances en sus campos [&hellip;]<\/p>\n","protected":false},"author":3,"featured_media":0,"parent":0,"menu_order":0,"comment_status":"closed","ping_status":"closed","template":"","meta":{"footnotes":""},"class_list":["post-92","page","type-page","status-publish","hentry"],"_links":{"self":[{"href":"https:\/\/ticec2016.cedia.edu.ec\/index.php\/wp-json\/wp\/v2\/pages\/92","targetHints":{"allow":["GET"]}}],"collection":[{"href":"https:\/\/ticec2016.cedia.edu.ec\/index.php\/wp-json\/wp\/v2\/pages"}],"about":[{"href":"https:\/\/ticec2016.cedia.edu.ec\/index.php\/wp-json\/wp\/v2\/types\/page"}],"author":[{"embeddable":true,"href":"https:\/\/ticec2016.cedia.edu.ec\/index.php\/wp-json\/wp\/v2\/users\/3"}],"replies":[{"embeddable":true,"href":"https:\/\/ticec2016.cedia.edu.ec\/index.php\/wp-json\/wp\/v2\/comments?post=92"}],"version-history":[{"count":7,"href":"https:\/\/ticec2016.cedia.edu.ec\/index.php\/wp-json\/wp\/v2\/pages\/92\/revisions"}],"predecessor-version":[{"id":99,"href":"https:\/\/ticec2016.cedia.edu.ec\/index.php\/wp-json\/wp\/v2\/pages\/92\/revisions\/99"}],"wp:attachment":[{"href":"https:\/\/ticec2016.cedia.edu.ec\/index.php\/wp-json\/wp\/v2\/media?parent=92"}],"curies":[{"name":"wp","href":"https:\/\/api.w.org\/{rel}","templated":true}]}}