{"id":55,"date":"2024-02-15T17:11:02","date_gmt":"2024-02-15T17:11:02","guid":{"rendered":"https:\/\/stoic-proskuriakova.190-15-141-170.plesk.page\/?page_id=55"},"modified":"2024-02-15T17:18:00","modified_gmt":"2024-02-15T17:18:00","slug":"organizacion","status":"publish","type":"page","link":"https:\/\/ticec2016.cedia.edu.ec\/index.php\/organizacion\/","title":{"rendered":"ORGANIZACI\u00d3N"},"content":{"rendered":"\t\t<div data-elementor-type=\"wp-page\" data-elementor-id=\"55\" class=\"elementor elementor-55\">\n\t\t\t\t<div class=\"elementor-element elementor-element-4536dea e-flex e-con-boxed e-con e-parent\" data-id=\"4536dea\" data-element_type=\"container\" data-e-type=\"container\">\n\t\t\t\t\t<div class=\"e-con-inner\">\n\t\t<div class=\"elementor-element elementor-element-3e788b1 e-flex e-con-boxed e-con e-child\" data-id=\"3e788b1\" data-element_type=\"container\" data-e-type=\"container\">\n\t\t\t\t\t<div class=\"e-con-inner\">\n\t\t\t\t<div class=\"elementor-element elementor-element-fe33a5c elementor-widget elementor-widget-heading\" data-id=\"fe33a5c\" data-element_type=\"widget\" data-e-type=\"widget\" data-widget_type=\"heading.default\">\n\t\t\t\t<div class=\"elementor-widget-container\">\n\t\t\t\t\t<h2 class=\"elementor-heading-title elementor-size-default\">ORGANIZACI\u00d3N<\/h2>\t\t\t\t<\/div>\n\t\t\t\t<\/div>\n\t\t\t\t<div class=\"elementor-element elementor-element-3921fa4 elementor-widget elementor-widget-text-editor\" data-id=\"3921fa4\" data-element_type=\"widget\" data-e-type=\"widget\" data-widget_type=\"text-editor.default\">\n\t\t\t\t<div class=\"elementor-widget-container\">\n\t\t\t\t\t\t\t\t\t<table style=\"font-size: 16px; text-align: left; background-color: #ffffff; height: 743px; width: 750px;\" border=\"1\" align=\"center\"><tbody><tr><td><span style=\"font-size: 12pt;\"><span style=\"font-weight: bolder;\">\u00a0 Comit\u00e9 Organizador<\/span><\/span><\/td><td>\u00a0<\/td><\/tr><tr><td><table style=\"height: 377px; width: 361px;\"><tbody><tr><td><p style=\"margin-top: 0px; margin-bottom: 1rem;\">\u00a0 Walter Mera<br \/>\u00a0 Presidente<\/p><\/td><\/tr><tr><td><p style=\"margin-top: 0px; margin-bottom: 1rem;\">\u00a0 Vicente Gallardo<br \/>\u00a0 Vicepresidente del Comit\u00e9 T\u00e9cnico<\/p><\/td><\/tr><tr><td><p style=\"margin-top: 0px; margin-bottom: 1rem;\">\u00a0 Roberto Garc\u00eda S\u00e1nchez<br \/>\u00a0 Universidad Cat\u00f3lica Santiago de Guayaquil\u00a0<\/p><\/td><\/tr><tr><td><p style=\"margin-top: 0px; margin-bottom: 1rem;\">\u00a0 Gilberto Castro<br \/>\u00a0 Universidad Cat\u00f3lica Santiago de Guayaquil\u00a0<\/p><\/td><\/tr><tr><td><p style=\"margin-top: 0px; margin-bottom: 1rem;\">\u00a0 Roberto Garc\u00eda Vacacela<br \/>\u00a0 Universidad Cat\u00f3lica Santiago de Guayaquil<\/p><\/td><\/tr><\/tbody><\/table><dl class=\"table\" style=\"margin-top: 0px; margin-bottom: 1rem; width: 371.5px; max-width: 100%;\"><\/dl><\/td><td><table style=\"height: 329px; width: 364px;\"><tbody><tr><td><p style=\"margin-top: 0px; margin-bottom: 1rem;\">\u00a0 Juan Pablo Carvallo Vega<br \/>\u00a0 Director Ejecutivo &#8211; RED CEDIA<\/p><\/td><\/tr><tr><td><p style=\"margin-top: 0px; margin-bottom: 1rem;\">\u00a0 Priscila \u00c1lvarez Cueva<br \/>\u00a0 Cordinadora del \u00e1rea de comunicaci\u00f3n &#8211; RED\u00a0 \u00a0 \u00a0 \u00a0 CEDIA\u00a0<\/p><\/td><\/tr><tr><td><p style=\"margin-top: 0px; margin-bottom: 1rem;\">\u00a0 Mar\u00eda Bel\u00e9n Galindo Gonz\u00e1lez<br \/>\u00a0 Dise\u00f1o Web-Media &#8211; RED CEDIA\u00a0\u00a0<\/p><\/td><\/tr><tr><td><p style=\"margin-top: 0px; margin-bottom: 1rem;\">\u00a0 Laura Malache Silva<br \/>\u00a0 Comunicadora &#8211; RED CEDIA\u00a0\u00a0<\/p><\/td><\/tr><tr><td><p style=\"margin-top: 0px; margin-bottom: 1rem;\">\u00a0 Pa\u00fal Arevalo Garc\u00eda<br \/>\u00a0 Dise\u00f1ador &#8211; RED CEDIA\u00a0\u00a0<\/p><\/td><\/tr><\/tbody><\/table><dl class=\"table\" style=\"margin-top: 0px; margin-bottom: 1rem; width: 371.5px; max-width: 100%;\"><\/dl><\/td><\/tr><tr><td><span style=\"font-size: 12pt;\"><span style=\"font-weight: bolder;\">\u00a0 Comit\u00e9 Cient\u00edfico<\/span><\/span><\/td><td>\u00a0<\/td><\/tr><tr><td><table style=\"height: 454px; width: 365px;\"><tbody><tr><td><p style=\"margin-top: 0px; margin-bottom: 1rem;\">\u00a0 Vivian Estrada<br \/>\u00a0 Universidad de las Ciencias Inform\u00e1ticas &#8211; UC<br \/>\u00a0 Presidente\u00a0<\/p><p style=\"margin-top: 0px; margin-bottom: 1rem;\">\u00a0<\/p><\/td><\/tr><tr><td><p style=\"margin-top: 0px; margin-bottom: 1rem;\">\u00a0 Arturo Arias<br \/>\u00a0 Universidad de las Ciencias Inform\u00e1ticas &#8211; UCI<br \/>\u00a0 Viceprecidente\u00a0<\/p><p style=\"margin-top: 0px; margin-bottom: 1rem;\">\u00a0<\/p><\/td><\/tr><tr><td><p style=\"margin-top: 0px; margin-bottom: 1rem;\">\u00a0 Francisco Febles<br \/>\u00a0 Universidad de las Ciencias Inform\u00e1ticas &#8211; UCI\u00a0<\/p><p style=\"margin-top: 0px; margin-bottom: 1rem;\">\u00a0<\/p><\/td><\/tr><tr><td><p style=\"margin-top: 0px; margin-bottom: 1rem;\">\u00a0 Pedro Pi\u00f1eros<br \/>\u00a0 Universidad de las Ciencias Inform\u00e1ticas &#8211; UCI\u00a0\u00a0<\/p><p style=\"margin-top: 0px; margin-bottom: 1rem;\">\u00a0<\/p><\/td><\/tr><tr><td><p style=\"margin-top: 0px; margin-bottom: 1rem;\">\u00a0 Vicente Gallardo<br \/>\u00a0 Universidad Cat\u00f3lica Santiago de Guayaquil &#8211;\u00a0 \u00a0 \u00a0 \u00a0 UCSG\u00a0<\/p><p style=\"margin-top: 0px; margin-bottom: 1rem;\">\u00a0<\/p><\/td><\/tr><tr><td><p style=\"margin-top: 0px; margin-bottom: 1rem;\">\u00a0 Roberto Garc\u00eda S\u00e1nchez<br \/>\u00a0 Universidad Cat\u00f3lica Santiago de Guayaquil &#8211;\u00a0 \u00a0 \u00a0 \u00a0 UCSG\u00a0<\/p><p style=\"margin-top: 0px; margin-bottom: 1rem;\">\u00a0<\/p><\/td><\/tr><tr><td><p style=\"margin-top: 0px; margin-bottom: 1rem;\">\u00a0 Nicolas Villavicenco<br \/>\u00a0 Universidad Cat\u00f3lica Santiago de Guayaquil &#8211;\u00a0 \u00a0 \u00a0 \u00a0 UCSG\u00a0<\/p><p style=\"margin-top: 0px; margin-bottom: 1rem;\">\u00a0<\/p><\/td><\/tr><tr><td><p style=\"margin-top: 0px; margin-bottom: 1rem;\">\u00a0 Roberto Garc\u00eda Vacacela<br \/>\u00a0 Universidad Cat\u00f3lica Santiago de Guayaquil &#8211;\u00a0 \u00a0 \u00a0 \u00a0 UCSG\u00a0<\/p><p style=\"margin-top: 0px; margin-bottom: 1rem;\">\u00a0<\/p><\/td><\/tr><tr><td><p style=\"margin-top: 0px; margin-bottom: 1rem;\">\u00a0 Darwin Aguilar<br \/>\u00a0 Universidad de las Fuerzas Armadas &#8211; ESPE\u00a0\u00a0<\/p><p style=\"margin-top: 0px; margin-bottom: 1rem;\">\u00a0<\/p><\/td><\/tr><tr><td><p style=\"margin-top: 0px; margin-bottom: 1rem;\">\u00a0 Lidia Lopez<br \/>\u00a0 Universidad Polit\u00e9cnica de Catalu\u00f1a &#8211;\u00a0 \u00a0 UPC\u00a0<\/p><p style=\"margin-top: 0px; margin-bottom: 1rem;\">\u00a0<\/p><\/td><\/tr><tr><td><p style=\"margin-top: 0px; margin-bottom: 1rem;\">\u00a0 Villie Morocho<br \/>\u00a0 Universidad de Cuenca &#8211; UCUENCA<\/p><p style=\"margin-top: 0px; margin-bottom: 1rem;\">\u00a0<\/p><\/td><\/tr><tr><td><p style=\"margin-top: 0px; margin-bottom: 1rem;\">\u00a0 Victor Saquicela<br \/>\u00a0 Universidad de Cuenca &#8211; UCUENCA<\/p><\/td><\/tr><\/tbody><\/table><dl class=\"table\" style=\"margin-top: 0px; margin-bottom: 1rem; width: 371.5px; max-width: 100%;\"><\/dl><\/td><td><table style=\"height: 1258px; width: 365px;\"><tbody><tr><td><p style=\"margin-top: 0px; margin-bottom: 1rem;\">\u00a0 Mar\u00eda P\u00e9rez<br \/>\u00a0 Escuela Polit\u00e9cnica Nacional &#8211; EPN<\/p><p style=\"margin-top: 0px; margin-bottom: 1rem;\">\u00a0<\/p><\/td><\/tr><tr><td><p style=\"margin-top: 0px; margin-bottom: 1rem;\">\u00a0 Tony Flores<br \/>\u00a0 Escuela Superior Polit\u00e9cnica Salesiana &#8211; UPS<\/p><p style=\"margin-top: 0px; margin-bottom: 1rem;\">\u00a0<\/p><\/td><\/tr><tr><td><p style=\"margin-top: 0px; margin-bottom: 1rem;\">\u00a0 Darwin Astudillo<br \/>\u00a0 Universidad de Cuenca &#8211; UCUENCA<\/p><p style=\"margin-top: 0px; margin-bottom: 1rem;\">\u00a0<\/p><\/td><\/tr><tr><td><p style=\"margin-top: 0px; margin-bottom: 1rem;\">\u00a0 Armando Cabrera<br \/>\u00a0 Universidad T\u00e9cnica Particular de Loja &#8211; UTPL<\/p><p style=\"margin-top: 0px; margin-bottom: 1rem;\">\u00a0<\/p><\/td><\/tr><tr><td><p style=\"margin-top: 0px; margin-bottom: 1rem;\">\u00a0 Irma Cadme<br \/>\u00a0 Universidad T\u00e9cnica Particular de Loja &#8211; UTPL<\/p><p style=\"margin-top: 0px; margin-bottom: 1rem;\">\u00a0<\/p><\/td><\/tr><tr><td><p style=\"margin-top: 0px; margin-bottom: 1rem;\">\u00a0 Janneth Chicaiza<br \/>\u00a0 Universidad T\u00e9cnica Particular de Loja &#8211; UTPL<\/p><p style=\"margin-top: 0px; margin-bottom: 1rem;\">\u00a0<\/p><\/td><\/tr><tr><td><p style=\"margin-top: 0px; margin-bottom: 1rem;\">\u00a0 David Guevara<br \/>\u00a0 Universidad T\u00e9cnica de Ambato &#8211; UTA<\/p><p style=\"margin-top: 0px; margin-bottom: 1rem;\">\u00a0<\/p><\/td><\/tr><tr><td><p style=\"margin-top: 0px; margin-bottom: 1rem;\">\u00a0 Patricio Galdames<br \/>\u00a0 Universidad del Bio-Bio &#8211; UBIOBIO<\/p><p style=\"margin-top: 0px; margin-bottom: 1rem;\">\u00a0<\/p><\/td><\/tr><tr><td><p style=\"margin-top: 0px; margin-bottom: 1rem;\">\u00a0 Audrey Romero<br \/>\u00a0 Universidad T\u00e9cnica Particular de Loja &#8211; UTPL<\/p><p style=\"margin-top: 0px; margin-bottom: 1rem;\">\u00a0<\/p><\/td><\/tr><tr><td><p style=\"margin-top: 0px; margin-bottom: 1rem;\">\u00a0 Jos\u00e9 L\u00f3pez Presa<br \/>\u00a0 Universidad Polit\u00e9cnica de Madrid &#8211; UPM<\/p><p style=\"margin-top: 0px; margin-bottom: 1rem;\">\u00a0<\/p><\/td><\/tr><tr><td><p style=\"margin-top: 0px; margin-bottom: 1rem;\">\u00a0 Pablo Torres<br \/>\u00a0 Universidad T\u00e9ncica Particular de Loja &#8211; UTPL\u00a0<\/p><p style=\"margin-top: 0px; margin-bottom: 1rem;\">\u00a0<\/p><\/td><\/tr><tr><td><p style=\"margin-top: 0px; margin-bottom: 1rem;\">\u00a0 Patricia Lude\u00f1a<br \/>\u00a0 Universidad T\u00e9cnica Particular de Loja &#8211; UTPL<\/p><\/td><\/tr><\/tbody><\/table><dl class=\"table\" style=\"margin-top: 0px; margin-bottom: 1rem; width: 371.5px; max-width: 100%;\"><\/dl><\/td><\/tr><\/tbody><\/table>\t\t\t\t\t\t\t\t<\/div>\n\t\t\t\t<\/div>\n\t\t\t\t\t<\/div>\n\t\t\t\t<\/div>\n\t\t\t\t\t<\/div>\n\t\t\t\t<\/div>\n\t\t<div class=\"elementor-element elementor-element-c3cc500 e-flex e-con-boxed e-con e-parent\" data-id=\"c3cc500\" data-element_type=\"container\" data-e-type=\"container\" data-settings=\"{&quot;background_background&quot;:&quot;classic&quot;}\">\n\t\t\t\t\t<div class=\"e-con-inner\">\n\t\t<div class=\"elementor-element elementor-element-f80569f e-flex e-con-boxed e-con e-child\" data-id=\"f80569f\" data-element_type=\"container\" data-e-type=\"container\">\n\t\t\t\t\t<div class=\"e-con-inner\">\n\t\t\t\t<div class=\"elementor-element elementor-element-e7005da elementor-widget elementor-widget-text-editor\" data-id=\"e7005da\" data-element_type=\"widget\" data-e-type=\"widget\" data-widget_type=\"text-editor.default\">\n\t\t\t\t<div class=\"elementor-widget-container\">\n\t\t\t\t\t\t\t\t\t<span style=\"color: #8e9aa7; font-family: 'Open Sans', sans-serif; font-size: 14px;\">\u00a9 TICEC 2016 &#8211; CEDIA<\/span>\t\t\t\t\t\t\t\t<\/div>\n\t\t\t\t<\/div>\n\t\t\t\t\t<\/div>\n\t\t\t\t<\/div>\n\t\t\t\t\t<\/div>\n\t\t\t\t<\/div>\n\t\t\t\t<\/div>\n\t\t","protected":false},"excerpt":{"rendered":"<p>ORGANIZACI\u00d3N \u00a0 Comit\u00e9 Organizador \u00a0 \u00a0 Walter Mera\u00a0 Presidente \u00a0 Vicente Gallardo\u00a0 Vicepresidente del Comit\u00e9 T\u00e9cnico \u00a0 Roberto Garc\u00eda S\u00e1nchez\u00a0 Universidad Cat\u00f3lica Santiago de Guayaquil\u00a0 \u00a0 Gilberto Castro\u00a0 Universidad Cat\u00f3lica Santiago de Guayaquil\u00a0 \u00a0 Roberto Garc\u00eda Vacacela\u00a0 Universidad Cat\u00f3lica Santiago de Guayaquil \u00a0 Juan Pablo Carvallo Vega\u00a0 Director Ejecutivo &#8211; RED CEDIA \u00a0 Priscila \u00c1lvarez [&hellip;]<\/p>\n","protected":false},"author":3,"featured_media":0,"parent":0,"menu_order":0,"comment_status":"closed","ping_status":"closed","template":"","meta":{"footnotes":""},"class_list":["post-55","page","type-page","status-publish","hentry"],"_links":{"self":[{"href":"https:\/\/ticec2016.cedia.edu.ec\/index.php\/wp-json\/wp\/v2\/pages\/55","targetHints":{"allow":["GET"]}}],"collection":[{"href":"https:\/\/ticec2016.cedia.edu.ec\/index.php\/wp-json\/wp\/v2\/pages"}],"about":[{"href":"https:\/\/ticec2016.cedia.edu.ec\/index.php\/wp-json\/wp\/v2\/types\/page"}],"author":[{"embeddable":true,"href":"https:\/\/ticec2016.cedia.edu.ec\/index.php\/wp-json\/wp\/v2\/users\/3"}],"replies":[{"embeddable":true,"href":"https:\/\/ticec2016.cedia.edu.ec\/index.php\/wp-json\/wp\/v2\/comments?post=55"}],"version-history":[{"count":7,"href":"https:\/\/ticec2016.cedia.edu.ec\/index.php\/wp-json\/wp\/v2\/pages\/55\/revisions"}],"predecessor-version":[{"id":73,"href":"https:\/\/ticec2016.cedia.edu.ec\/index.php\/wp-json\/wp\/v2\/pages\/55\/revisions\/73"}],"wp:attachment":[{"href":"https:\/\/ticec2016.cedia.edu.ec\/index.php\/wp-json\/wp\/v2\/media?parent=55"}],"curies":[{"name":"wp","href":"https:\/\/api.w.org\/{rel}","templated":true}]}}