{"id":49,"date":"2024-02-15T17:05:27","date_gmt":"2024-02-15T17:05:27","guid":{"rendered":"https:\/\/stoic-proskuriakova.190-15-141-170.plesk.page\/?page_id=49"},"modified":"2024-02-15T17:09:47","modified_gmt":"2024-02-15T17:09:47","slug":"ambito-y-motivacion","status":"publish","type":"page","link":"https:\/\/ticec2016.cedia.edu.ec\/index.php\/ambito-y-motivacion\/","title":{"rendered":"\u00c1MBITO Y MOTIVACI\u00d3N"},"content":{"rendered":"\t\t<div data-elementor-type=\"wp-page\" data-elementor-id=\"49\" class=\"elementor elementor-49\">\n\t\t\t\t<div class=\"elementor-element elementor-element-4536dea e-flex e-con-boxed e-con e-parent\" data-id=\"4536dea\" data-element_type=\"container\" data-e-type=\"container\">\n\t\t\t\t\t<div class=\"e-con-inner\">\n\t\t<div class=\"elementor-element elementor-element-3e788b1 e-flex e-con-boxed e-con e-child\" data-id=\"3e788b1\" data-element_type=\"container\" data-e-type=\"container\">\n\t\t\t\t\t<div class=\"e-con-inner\">\n\t\t\t\t<div class=\"elementor-element elementor-element-fe33a5c elementor-widget elementor-widget-heading\" data-id=\"fe33a5c\" data-element_type=\"widget\" data-e-type=\"widget\" data-widget_type=\"heading.default\">\n\t\t\t\t<div class=\"elementor-widget-container\">\n\t\t\t\t\t<h2 class=\"elementor-heading-title elementor-size-default\">\u00c1MBITO Y MOTIVACI\u00d3N<\/h2>\t\t\t\t<\/div>\n\t\t\t\t<\/div>\n\t\t\t\t<div class=\"elementor-element elementor-element-3921fa4 elementor-widget elementor-widget-text-editor\" data-id=\"3921fa4\" data-element_type=\"widget\" data-e-type=\"widget\" data-widget_type=\"text-editor.default\">\n\t\t\t\t<div class=\"elementor-widget-container\">\n\t\t\t\t\t\t\t\t\t<p>Durante los \u00faltimos a\u00f1os, el avance de las Tecnolog\u00edas de la Informaci\u00f3n ha llegado a un punto en donde, virtualmente, est\u00e1 dando soporte en todos los \u00e1mbitos de la actividad humana. Esta realidad no es ajena al Ecuador, por lo que los investigadores y gestores de tecnolog\u00eda se han beneficiado de la utilizaci\u00f3n de estas tecnolog\u00edas. Sin embargo, los esfuerzos invertidos para obtener el beneficio logrado, en muchos de los casos, se han duplicado debido a la falta de espacios para compartir experiencias en la utilizaci\u00f3n y adaptaci\u00f3n innovadora de estas tecnolog\u00edas, ya sea en el \u00e1mbito de la investigaci\u00f3n o de la gesti\u00f3n tecnol\u00f3gica.<\/p><p>Por cuarto a\u00f1o consecutivo, TIC.EC busca ser una instancia de integraci\u00f3n, donde se generen los espacios para que investigadores, gestores de tecnolog\u00edas y otros actores relacionados como profesionales, estudiantes y usuarios de tecnolog\u00edas; se integren, compartan buenas pr\u00e1cticas, compartan las lecciones aprendidas y establezcan iniciativas de colaboraci\u00f3n buscando sinergias a trav\u00e9s de la formaci\u00f3n de grupos estrat\u00e9gicos de trabajo.<\/p>\t\t\t\t\t\t\t\t<\/div>\n\t\t\t\t<\/div>\n\t\t\t\t\t<\/div>\n\t\t\t\t<\/div>\n\t\t\t\t\t<\/div>\n\t\t\t\t<\/div>\n\t\t<div class=\"elementor-element elementor-element-c3cc500 e-flex e-con-boxed e-con e-parent\" data-id=\"c3cc500\" data-element_type=\"container\" data-e-type=\"container\" data-settings=\"{&quot;background_background&quot;:&quot;classic&quot;}\">\n\t\t\t\t\t<div class=\"e-con-inner\">\n\t\t<div class=\"elementor-element elementor-element-f80569f e-flex e-con-boxed e-con e-child\" data-id=\"f80569f\" data-element_type=\"container\" data-e-type=\"container\">\n\t\t\t\t\t<div class=\"e-con-inner\">\n\t\t\t\t<div class=\"elementor-element elementor-element-e7005da elementor-widget elementor-widget-text-editor\" data-id=\"e7005da\" data-element_type=\"widget\" data-e-type=\"widget\" data-widget_type=\"text-editor.default\">\n\t\t\t\t<div class=\"elementor-widget-container\">\n\t\t\t\t\t\t\t\t\t<span style=\"color: #8e9aa7; font-family: 'Open Sans', sans-serif; font-size: 14px;\">\u00a9 TICEC 2016 &#8211; CEDIA<\/span>\t\t\t\t\t\t\t\t<\/div>\n\t\t\t\t<\/div>\n\t\t\t\t\t<\/div>\n\t\t\t\t<\/div>\n\t\t\t\t\t<\/div>\n\t\t\t\t<\/div>\n\t\t\t\t<\/div>\n\t\t","protected":false},"excerpt":{"rendered":"<p>\u00c1MBITO Y MOTIVACI\u00d3N Durante los \u00faltimos a\u00f1os, el avance de las Tecnolog\u00edas de la Informaci\u00f3n ha llegado a un punto en donde, virtualmente, est\u00e1 dando soporte en todos los \u00e1mbitos de la actividad humana. Esta realidad no es ajena al Ecuador, por lo que los investigadores y gestores de tecnolog\u00eda se han beneficiado de la [&hellip;]<\/p>\n","protected":false},"author":3,"featured_media":0,"parent":0,"menu_order":0,"comment_status":"closed","ping_status":"closed","template":"","meta":{"footnotes":""},"class_list":["post-49","page","type-page","status-publish","hentry"],"_links":{"self":[{"href":"https:\/\/ticec2016.cedia.edu.ec\/index.php\/wp-json\/wp\/v2\/pages\/49","targetHints":{"allow":["GET"]}}],"collection":[{"href":"https:\/\/ticec2016.cedia.edu.ec\/index.php\/wp-json\/wp\/v2\/pages"}],"about":[{"href":"https:\/\/ticec2016.cedia.edu.ec\/index.php\/wp-json\/wp\/v2\/types\/page"}],"author":[{"embeddable":true,"href":"https:\/\/ticec2016.cedia.edu.ec\/index.php\/wp-json\/wp\/v2\/users\/3"}],"replies":[{"embeddable":true,"href":"https:\/\/ticec2016.cedia.edu.ec\/index.php\/wp-json\/wp\/v2\/comments?post=49"}],"version-history":[{"count":4,"href":"https:\/\/ticec2016.cedia.edu.ec\/index.php\/wp-json\/wp\/v2\/pages\/49\/revisions"}],"predecessor-version":[{"id":54,"href":"https:\/\/ticec2016.cedia.edu.ec\/index.php\/wp-json\/wp\/v2\/pages\/49\/revisions\/54"}],"wp:attachment":[{"href":"https:\/\/ticec2016.cedia.edu.ec\/index.php\/wp-json\/wp\/v2\/media?parent=49"}],"curies":[{"name":"wp","href":"https:\/\/api.w.org\/{rel}","templated":true}]}}