{"id":12,"date":"2024-02-15T16:28:32","date_gmt":"2024-02-15T16:28:32","guid":{"rendered":"https:\/\/stoic-proskuriakova.190-15-141-170.plesk.page\/?page_id=12"},"modified":"2024-02-15T17:05:13","modified_gmt":"2024-02-15T17:05:13","slug":"inicio","status":"publish","type":"page","link":"https:\/\/ticec2016.cedia.edu.ec\/","title":{"rendered":"TICEC2016"},"content":{"rendered":"\t\t<div data-elementor-type=\"wp-page\" data-elementor-id=\"12\" class=\"elementor elementor-12\">\n\t\t\t\t<div class=\"elementor-element elementor-element-397c117 e-flex e-con-boxed e-con e-parent\" data-id=\"397c117\" data-element_type=\"container\" data-e-type=\"container\">\n\t\t\t\t\t<div class=\"e-con-inner\">\n\t\t<div class=\"elementor-element elementor-element-291004d e-flex e-con-boxed e-con e-child\" data-id=\"291004d\" data-element_type=\"container\" data-e-type=\"container\">\n\t\t\t\t\t<div class=\"e-con-inner\">\n\t\t\t\t<div class=\"elementor-element elementor-element-bac5935 elementor-widget elementor-widget-video\" data-id=\"bac5935\" data-element_type=\"widget\" data-e-type=\"widget\" data-settings=\"{&quot;youtube_url&quot;:&quot;https:\\\/\\\/www.youtube.com\\\/watch?v=F9DEQf_Mntk&amp;ab_channel=CEDIAEC&quot;,&quot;video_type&quot;:&quot;youtube&quot;,&quot;controls&quot;:&quot;yes&quot;}\" data-widget_type=\"video.default\">\n\t\t\t\t<div class=\"elementor-widget-container\">\n\t\t\t\t\t\t\t<div class=\"elementor-wrapper elementor-open-inline\">\n\t\t\t<div class=\"elementor-video\"><\/div>\t\t<\/div>\n\t\t\t\t\t\t<\/div>\n\t\t\t\t<\/div>\n\t\t\t\t<div class=\"elementor-element elementor-element-6176600 elementor-widget elementor-widget-video\" data-id=\"6176600\" data-element_type=\"widget\" data-e-type=\"widget\" data-settings=\"{&quot;youtube_url&quot;:&quot;https:\\\/\\\/www.youtube.com\\\/watch?v=8nCkmK1E6f8&amp;ab_channel=CEDIAEC&quot;,&quot;video_type&quot;:&quot;youtube&quot;,&quot;controls&quot;:&quot;yes&quot;}\" data-widget_type=\"video.default\">\n\t\t\t\t<div class=\"elementor-widget-container\">\n\t\t\t\t\t\t\t<div class=\"elementor-wrapper elementor-open-inline\">\n\t\t\t<div class=\"elementor-video\"><\/div>\t\t<\/div>\n\t\t\t\t\t\t<\/div>\n\t\t\t\t<\/div>\n\t\t\t\t\t<\/div>\n\t\t\t\t<\/div>\n\t\t\t\t\t<\/div>\n\t\t\t\t<\/div>\n\t\t<div class=\"elementor-element elementor-element-c0c382f e-flex e-con-boxed e-con e-parent\" data-id=\"c0c382f\" data-element_type=\"container\" data-e-type=\"container\">\n\t\t\t\t\t<div class=\"e-con-inner\">\n\t\t<div class=\"elementor-element elementor-element-130ff14 e-flex e-con-boxed e-con e-child\" data-id=\"130ff14\" data-element_type=\"container\" data-e-type=\"container\">\n\t\t\t\t\t<div class=\"e-con-inner\">\n\t\t\t\t<div class=\"elementor-element elementor-element-fadcc59 elementor-widget elementor-widget-text-editor\" data-id=\"fadcc59\" data-element_type=\"widget\" data-e-type=\"widget\" data-widget_type=\"text-editor.default\">\n\t\t\t\t<div class=\"elementor-widget-container\">\n\t\t\t\t\t\t\t\t\t<p><span style=\"font-weight: bolder; color: #2d3c4d; font-family: 'Open Sans', sans-serif; text-align: justify;\">ANTECEDENTES<\/span><br style=\"color: #2d3c4d; font-family: 'Open Sans', sans-serif; text-align: justify;\" \/><span style=\"color: #2d3c4d; font-family: 'Open Sans', sans-serif; text-align: justify;\">En el 2016, la Universidad Cat\u00f3lica Santiago de Guayaquil &#8211; UCSG ser\u00e1 sede del \u00abCuarto Congreso Ecuatoriano de Tecnolog\u00edas de Informaci\u00f3n y Comunicaci\u00f3n TIC.EC 2016\u00bb. Este evento re\u00fane a investigadores, profesionales, estudiantes y otros personajes relacionados con Tecnolog\u00edas de informaci\u00f3n y comunicaci\u00f3n, nacionales e internacionales por tres d\u00edas (16, 17 y 18 de noviembre) con una agenda de talleres, conferencias, presentaciones de resultados de investigaci\u00f3n, posters, reuniones y otros espacios de convergencia de conocimiento.<\/span><br style=\"color: #2d3c4d; font-family: 'Open Sans', sans-serif; text-align: justify;\" \/><br style=\"color: #2d3c4d; font-family: 'Open Sans', sans-serif; text-align: justify;\" \/><span style=\"font-weight: bolder; color: #2d3c4d; font-family: 'Open Sans', sans-serif; text-align: justify;\">OBJETIVOS<\/span><br style=\"color: #2d3c4d; font-family: 'Open Sans', sans-serif; text-align: justify;\" \/><span style=\"color: #2d3c4d; font-family: 'Open Sans', sans-serif; text-align: justify;\">El cuarto congreso TIC.EC 2016 busca ser una instancia de integraci\u00f3n, que genere espacios para que investigadores, profesionales, estudiantes y gestores de tecnolog\u00edas de informaci\u00f3n; se integren, compartan buenas pr\u00e1cticas, lecciones aprendidas y establezcan iniciativas de colaboraci\u00f3n buscando sinergias a trav\u00e9s de la formaci\u00f3n de grupos estrat\u00e9gicos de trabajo.<\/span><br style=\"color: #2d3c4d; font-family: 'Open Sans', sans-serif; text-align: justify;\" \/><br style=\"color: #2d3c4d; font-family: 'Open Sans', sans-serif; text-align: justify;\" \/><span style=\"font-weight: bolder; color: #2d3c4d; font-family: 'Open Sans', sans-serif; text-align: justify;\">ORGANIZACI\u00d3N<\/span><br style=\"color: #2d3c4d; font-family: 'Open Sans', sans-serif; text-align: justify;\" \/><span style=\"color: #2d3c4d; font-family: 'Open Sans', sans-serif; text-align: justify;\">El congreso anual TIC.EC 2016 est\u00e1 organizado por la Red Nacional de Investigaci\u00f3n y Educaci\u00f3n del Ecuador &#8211; RED CEDIA y por la Universidad anfitriona Universidad Cat\u00f3lica Santiago de Guayaquil &#8211; UCSG.<\/span><br style=\"color: #2d3c4d; font-family: 'Open Sans', sans-serif; text-align: justify;\" \/><br style=\"color: #2d3c4d; font-family: 'Open Sans', sans-serif; text-align: justify;\" \/><span style=\"font-weight: bolder; color: #2d3c4d; font-family: 'Open Sans', sans-serif; text-align: justify;\">\u00c1REAS TEM\u00c1TICAS<\/span><br style=\"color: #2d3c4d; font-family: 'Open Sans', sans-serif; text-align: justify;\" \/><span style=\"color: #2d3c4d; font-family: 'Open Sans', sans-serif; text-align: justify;\">Las l\u00edneas tem\u00e1ticas definidas para el Evento est\u00e1n organizadas en un track cient\u00edfico \/ t\u00e9cnico orientados a mostrar aportes en temas de investigaci\u00f3n y de implementaci\u00f3n de TI, que incluyen pero no excluyen.<\/span><\/p>\t\t\t\t\t\t\t\t<\/div>\n\t\t\t\t<\/div>\n\t\t\t\t\t<\/div>\n\t\t\t\t<\/div>\n\t\t<div class=\"elementor-element elementor-element-23d1acd e-flex e-con-boxed e-con e-child\" data-id=\"23d1acd\" data-element_type=\"container\" data-e-type=\"container\">\n\t\t\t\t\t<div class=\"e-con-inner\">\n\t\t\t\t<div class=\"elementor-element elementor-element-4c1a262 elementor-widget elementor-widget-text-editor\" data-id=\"4c1a262\" data-element_type=\"widget\" data-e-type=\"widget\" data-widget_type=\"text-editor.default\">\n\t\t\t\t<div class=\"elementor-widget-container\">\n\t\t\t\t\t\t\t\t\t<span style=\"font-weight: bolder; color: #2d3c4d; font-family: 'Open Sans', sans-serif;\">EJES TEM\u00c1TICOS<\/span>\t\t\t\t\t\t\t\t<\/div>\n\t\t\t\t<\/div>\n\t\t<div class=\"elementor-element elementor-element-e4ac510 e-flex e-con-boxed e-con e-child\" data-id=\"e4ac510\" data-element_type=\"container\" data-e-type=\"container\">\n\t\t\t\t\t<div class=\"e-con-inner\">\n\t\t<div class=\"elementor-element elementor-element-a11d69c e-con-full e-flex e-con e-child\" data-id=\"a11d69c\" data-element_type=\"container\" data-e-type=\"container\">\n\t\t\t\t<div class=\"elementor-element elementor-element-b6806c6 elementor-widget elementor-widget-text-editor\" data-id=\"b6806c6\" data-element_type=\"widget\" data-e-type=\"widget\" data-widget_type=\"text-editor.default\">\n\t\t\t\t<div class=\"elementor-widget-container\">\n\t\t\t\t\t\t\t\t\t<div style=\"color: #2d3c4d; font-family: 'Open Sans', sans-serif;\"><span style=\"font-weight: bolder;\">Gesti\u00f3n de TI<\/span><\/div><ul style=\"margin-top: 0px; margin-bottom: 1rem; color: #2d3c4d; font-family: 'Open Sans', sans-serif; font-size: 16px; background-color: #ffffff;\"><li>Educaci\u00f3n<\/li><li>Gobernanza de TI<\/li><li>Interacci\u00f3n a trav\u00e9s de TIC<\/li><li>Soluciones a trav\u00e9s de TIC<\/li><\/ul><p style=\"margin-top: 0px; margin-bottom: 1rem; color: #2d3c4d; font-family: 'Open Sans', sans-serif;\"><span style=\"font-weight: bolder;\">Tecnolog\u00edas de la web<\/span><\/p><ul style=\"margin-top: 0px; margin-bottom: 1rem; color: #2d3c4d; font-family: 'Open Sans', sans-serif; font-size: 16px; background-color: #ffffff;\"><li>CMS<\/li><li>Web sem\u00e1ntica<\/li><li>Big Data<\/li><\/ul><p style=\"margin-top: 0px; margin-bottom: 1rem; color: #2d3c4d; font-family: 'Open Sans', sans-serif;\"><span style=\"font-weight: bolder;\">Gesti\u00f3n inteligente de territorio<\/span><\/p><ul style=\"margin-top: 0px; margin-bottom: 1rem; color: #2d3c4d; font-family: 'Open Sans', sans-serif; font-size: 16px; background-color: #ffffff;\"><li>Ciudades y regiones inteligentes<\/li><li>Gobierno electr\u00f3nico<\/li><\/ul><p style=\"margin-top: 0px; margin-bottom: 1rem; color: #2d3c4d; font-family: 'Open Sans', sans-serif;\"><span style=\"font-weight: bolder;\">\u00a0TIC en la educaci\u00f3n<\/span><\/p><ul style=\"margin-top: 0px; margin-bottom: 1rem; color: #2d3c4d; font-family: 'Open Sans', sans-serif; font-size: 16px; background-color: #ffffff;\"><li>Recursos educativos abiertos y MOOC&#8217;S<\/li><li>Repositorios y bibliotecas digitales<\/li><li>E-learning<\/li><\/ul>\t\t\t\t\t\t\t\t<\/div>\n\t\t\t\t<\/div>\n\t\t\t\t<\/div>\n\t\t<div class=\"elementor-element elementor-element-e44cf17 e-con-full e-flex e-con e-child\" data-id=\"e44cf17\" data-element_type=\"container\" data-e-type=\"container\">\n\t\t\t\t<div class=\"elementor-element elementor-element-23a3965 elementor-widget elementor-widget-text-editor\" data-id=\"23a3965\" data-element_type=\"widget\" data-e-type=\"widget\" data-widget_type=\"text-editor.default\">\n\t\t\t\t<div class=\"elementor-widget-container\">\n\t\t\t\t\t\t\t\t\t<div style=\"color: #2d3c4d; font-family: 'Open Sans', sans-serif;\"><span style=\"font-weight: bolder;\">Gesti\u00f3n de TI<\/span><\/div><ul style=\"margin-top: 0px; margin-bottom: 1rem; color: #2d3c4d; font-family: 'Open Sans', sans-serif; font-size: 16px; background-color: #ffffff;\"><li>Educaci\u00f3n<\/li><li>Gobernanza de TI<\/li><li>Interacci\u00f3n a trav\u00e9s de TIC<\/li><li>Soluciones a trav\u00e9s de TIC<\/li><\/ul><p style=\"margin-top: 0px; margin-bottom: 1rem; color: #2d3c4d; font-family: 'Open Sans', sans-serif;\"><span style=\"font-weight: bolder;\">Tecnolog\u00edas de la web<\/span><\/p><ul style=\"margin-top: 0px; margin-bottom: 1rem; color: #2d3c4d; font-family: 'Open Sans', sans-serif; font-size: 16px; background-color: #ffffff;\"><li>CMS<\/li><li>Web sem\u00e1ntica<\/li><li>Big Data<\/li><\/ul><p style=\"margin-top: 0px; margin-bottom: 1rem; color: #2d3c4d; font-family: 'Open Sans', sans-serif;\"><span style=\"font-weight: bolder;\">Gesti\u00f3n inteligente de territorio<\/span><\/p><ul style=\"margin-top: 0px; margin-bottom: 1rem; color: #2d3c4d; font-family: 'Open Sans', sans-serif; font-size: 16px; background-color: #ffffff;\"><li>Ciudades y regiones inteligentes<\/li><li>Gobierno electr\u00f3nico<\/li><\/ul><p style=\"margin-top: 0px; margin-bottom: 1rem; color: #2d3c4d; font-family: 'Open Sans', sans-serif;\"><span style=\"font-weight: bolder;\">\u00a0TIC en la educaci\u00f3n<\/span><\/p><ul style=\"margin-top: 0px; margin-bottom: 1rem; color: #2d3c4d; font-family: 'Open Sans', sans-serif; font-size: 16px; background-color: #ffffff;\"><li>Recursos educativos abiertos y MOOC&#8217;S<\/li><li>Repositorios y bibliotecas digitales<\/li><li>E-learning<\/li><\/ul>\t\t\t\t\t\t\t\t<\/div>\n\t\t\t\t<\/div>\n\t\t\t\t<\/div>\n\t\t\t\t\t<\/div>\n\t\t\t\t<\/div>\n\t\t\t\t\t<\/div>\n\t\t\t\t<\/div>\n\t\t\t\t\t<\/div>\n\t\t\t\t<\/div>\n\t\t<div class=\"elementor-element elementor-element-c3cc500 e-flex e-con-boxed e-con e-parent\" data-id=\"c3cc500\" data-element_type=\"container\" data-e-type=\"container\" data-settings=\"{&quot;background_background&quot;:&quot;classic&quot;}\">\n\t\t\t\t\t<div class=\"e-con-inner\">\n\t\t<div class=\"elementor-element elementor-element-f80569f e-flex e-con-boxed e-con e-child\" data-id=\"f80569f\" data-element_type=\"container\" data-e-type=\"container\">\n\t\t\t\t\t<div class=\"e-con-inner\">\n\t\t\t\t<div class=\"elementor-element elementor-element-e7005da elementor-widget elementor-widget-text-editor\" data-id=\"e7005da\" data-element_type=\"widget\" data-e-type=\"widget\" data-widget_type=\"text-editor.default\">\n\t\t\t\t<div class=\"elementor-widget-container\">\n\t\t\t\t\t\t\t\t\t<span style=\"color: #8e9aa7; font-family: 'Open Sans', sans-serif; font-size: 14px;\">\u00a9 TICEC 2016 &#8211; CEDIA<\/span>\t\t\t\t\t\t\t\t<\/div>\n\t\t\t\t<\/div>\n\t\t\t\t\t<\/div>\n\t\t\t\t<\/div>\n\t\t\t\t\t<\/div>\n\t\t\t\t<\/div>\n\t\t\t\t<\/div>\n\t\t","protected":false},"excerpt":{"rendered":"<p>https:\/\/www.youtube.com\/watch?v=F9DEQf_Mntk&#038;ab_channel=CEDIAEChttps:\/\/www.youtube.com\/watch?v=8nCkmK1E6f8&#038;ab_channel=CEDIAEC ANTECEDENTESEn el 2016, la Universidad Cat\u00f3lica Santiago de Guayaquil &#8211; UCSG ser\u00e1 sede del \u00abCuarto Congreso Ecuatoriano de Tecnolog\u00edas de Informaci\u00f3n y Comunicaci\u00f3n TIC.EC 2016\u00bb. Este evento re\u00fane a investigadores, profesionales, estudiantes y otros personajes relacionados con Tecnolog\u00edas de informaci\u00f3n y comunicaci\u00f3n, nacionales e internacionales por tres d\u00edas (16, 17 y 18 de noviembre) [&hellip;]<\/p>\n","protected":false},"author":3,"featured_media":0,"parent":0,"menu_order":0,"comment_status":"closed","ping_status":"closed","template":"","meta":{"footnotes":""},"class_list":["post-12","page","type-page","status-publish","hentry"],"_links":{"self":[{"href":"https:\/\/ticec2016.cedia.edu.ec\/index.php\/wp-json\/wp\/v2\/pages\/12","targetHints":{"allow":["GET"]}}],"collection":[{"href":"https:\/\/ticec2016.cedia.edu.ec\/index.php\/wp-json\/wp\/v2\/pages"}],"about":[{"href":"https:\/\/ticec2016.cedia.edu.ec\/index.php\/wp-json\/wp\/v2\/types\/page"}],"author":[{"embeddable":true,"href":"https:\/\/ticec2016.cedia.edu.ec\/index.php\/wp-json\/wp\/v2\/users\/3"}],"replies":[{"embeddable":true,"href":"https:\/\/ticec2016.cedia.edu.ec\/index.php\/wp-json\/wp\/v2\/comments?post=12"}],"version-history":[{"count":35,"href":"https:\/\/ticec2016.cedia.edu.ec\/index.php\/wp-json\/wp\/v2\/pages\/12\/revisions"}],"predecessor-version":[{"id":50,"href":"https:\/\/ticec2016.cedia.edu.ec\/index.php\/wp-json\/wp\/v2\/pages\/12\/revisions\/50"}],"wp:attachment":[{"href":"https:\/\/ticec2016.cedia.edu.ec\/index.php\/wp-json\/wp\/v2\/media?parent=12"}],"curies":[{"name":"wp","href":"https:\/\/api.w.org\/{rel}","templated":true}]}}